{"id":108,"date":"2022-12-25T16:53:00","date_gmt":"2022-12-25T15:53:00","guid":{"rendered":"http:\/\/mathis.carochris.com\/?page_id=108"},"modified":"2023-08-31T15:54:05","modified_gmt":"2023-08-31T13:54:05","slug":"a-propos","status":"publish","type":"page","link":"https:\/\/leamathis.com\/index.php\/a-propos\/","title":{"rendered":"A propos"},"content":{"rendered":"\t\t<div data-elementor-type=\"wp-page\" data-elementor-id=\"108\" class=\"elementor elementor-108\" data-elementor-post-type=\"page\">\n\t\t\t\t\t\t<section class=\"elementor-section elementor-top-section elementor-element elementor-element-ffe9e63 elementor-section-boxed elementor-section-height-default elementor-section-height-default\" data-id=\"ffe9e63\" data-element_type=\"section\" data-e-type=\"section\">\n\t\t\t\t\t\t<div class=\"elementor-container elementor-column-gap-default\">\n\t\t\t\t\t<div class=\"elementor-column elementor-col-100 elementor-top-column elementor-element elementor-element-a07fdb4\" data-id=\"a07fdb4\" data-element_type=\"column\" data-e-type=\"column\">\n\t\t\t<div class=\"elementor-widget-wrap elementor-element-populated\">\n\t\t\t\t\t\t<div class=\"elementor-element elementor-element-ef2db44 elementor-widget elementor-widget-hotspot\" data-id=\"ef2db44\" data-element_type=\"widget\" data-e-type=\"widget\" data-settings=\"{&quot;hotspot&quot;:[{&quot;_id&quot;:&quot;8966db7&quot;,&quot;hotspot_tooltip_content&quot;:&quot;&lt;p&gt;&lt;img class=\\&quot;alignnone size-medium wp-image-1361\\&quot; src=\\&quot;https:\\\/\\\/leamathis.com\\\/wp-content\\\/uploads\\\/2023\\\/06\\\/hotspot-3000x2250.jpg\\&quot; alt=\\&quot;\\&quot; width=\\&quot;3000\\&quot; height=\\&quot;2250\\&quot; \\\/&gt;Add Your Tooltip Text Here&lt;\\\/p&gt;&quot;,&quot;hotspot_label&quot;:&quot;&quot;,&quot;hotspot_link&quot;:{&quot;url&quot;:&quot;&quot;,&quot;is_external&quot;:&quot;&quot;,&quot;nofollow&quot;:&quot;&quot;,&quot;custom_attributes&quot;:&quot;&quot;},&quot;hotspot_icon&quot;:{&quot;value&quot;:&quot;&quot;,&quot;library&quot;:&quot;&quot;},&quot;hotspot_custom_size&quot;:&quot;no&quot;,&quot;hotspot_horizontal&quot;:&quot;left&quot;,&quot;hotspot_vertical&quot;:&quot;top&quot;,&quot;hotspot_tooltip_position&quot;:&quot;no&quot;,&quot;hotspot_position&quot;:null}],&quot;hotspot_sequenced_animation&quot;:&quot;no&quot;,&quot;tooltip_position&quot;:&quot;top&quot;,&quot;tooltip_trigger&quot;:&quot;click&quot;,&quot;tooltip_animation&quot;:&quot;e-hotspot--fade-in-out&quot;}\" data-widget_type=\"hotspot.default\">\n\t\t\t\t<div class=\"elementor-widget-container\">\n\t\t\t\t\t<img fetchpriority=\"high\" decoding=\"async\" width=\"676\" height=\"647\" src=\"https:\/\/leamathis.com\/wp-content\/uploads\/2023\/01\/Snapchat-1059427189-e1672910658812.jpg\" class=\"attachment-medium_large size-medium_large wp-image-485\" alt=\"\" srcset=\"https:\/\/leamathis.com\/wp-content\/uploads\/2023\/01\/Snapchat-1059427189-e1672910658812.jpg 676w, https:\/\/leamathis.com\/wp-content\/uploads\/2023\/01\/Snapchat-1059427189-e1672910658812-300x287.jpg 300w\" sizes=\"(max-width: 676px) 100vw, 676px\" \/>\n\t\t\t\t\t\t<div class=\"e-hotspot elementor-repeater-item-8966db7      e-hotspot--circle\">\n\n\t\t\t\t\t\t\t\t<div class=\"e-hotspot__button e-hotspot--expand\">\n\t\t\t\t\t\t\t\t\t\t\t<div class=\"e-hotspot__outer-circle\"><\/div>\n\t\t\t\t\t\t<div class=\"e-hotspot__inner-circle\"><\/div>\n\t\t\t\t\t\t\t\t\t<\/div>\n\n\t\t\t\t\t\t\t\t\t\t\t\t\t\t\t\t\t\t<div class=\"e-hotspot__tooltip  e-hotspot--tooltip-position e-hotspot--fade-in-out \" >\n\t\t\t\t\t\t<p><img decoding=\"async\" class=\"alignnone size-medium wp-image-1361\" src=\"https:\/\/leamathis.com\/wp-content\/uploads\/2023\/06\/hotspot-3000x2250.jpg\" alt=\"\" width=\"3000\" height=\"2250\" srcset=\"https:\/\/leamathis.com\/wp-content\/uploads\/2023\/06\/hotspot-3000x2250.jpg 3000w, https:\/\/leamathis.com\/wp-content\/uploads\/2023\/06\/hotspot-768x576.jpg 768w, https:\/\/leamathis.com\/wp-content\/uploads\/2023\/06\/hotspot-1536x1152.jpg 1536w, https:\/\/leamathis.com\/wp-content\/uploads\/2023\/06\/hotspot-2048x1536.jpg 2048w, https:\/\/leamathis.com\/wp-content\/uploads\/2023\/06\/hotspot-1140x855.jpg 1140w\" sizes=\"(max-width: 3000px) 100vw, 3000px\" \/>Add Your Tooltip Text Here<\/p>\t\t\t\t\t<\/div>\n\t\t\t\t\t\t\t\t\t\n\t\t\t<\/div>\n\n\t\n\t\t\t\t\t\t<\/div>\n\t\t\t\t<\/div>\n\t\t\t\t<div class=\"elementor-element elementor-element-eeaf121 elementor-widget elementor-widget-text-editor\" data-id=\"eeaf121\" data-element_type=\"widget\" data-e-type=\"widget\" data-widget_type=\"text-editor.default\">\n\t\t\t\t<div class=\"elementor-widget-container\">\n\t\t\t\t\t\t\t\t\t<h4><strong>Qui sommes nous ?<\/strong><\/h4>\nBienvenue dans l&rsquo;univers de notre duo passionn\u00e9 de voyages et de partage ! Nous sommes deux jeunes avides de d\u00e9couvertes, \u00e2g\u00e9s de [age] ans, qui trouvons notre bonheur en explorant le monde et en \u00e9changeant nos exp\u00e9riences.\n\nMais notre voyage ne se limite pas seulement \u00e0 la d\u00e9couverte. Nous sommes \u00e9galement passionn\u00e9s par le partage de nos exp\u00e9riences.\n\n<em>L\u00e9a &amp; Mathis<\/em>\t\t\t\t\t\t\t\t<\/div>\n\t\t\t\t<\/div>\n\t\t\t\t\t<\/div>\n\t\t<\/div>\n\t\t\t\t\t<\/div>\n\t\t<\/section>\n\t\t\t\t<\/div>\n\t\t","protected":false},"excerpt":{"rendered":"<p>Add Your Tooltip Text Here Qui sommes nous ? Bienvenue dans l&rsquo;univers de notre duo passionn\u00e9 de voyages et de partage ! Nous sommes deux &hellip;<\/p>\n","protected":false},"author":1,"featured_media":0,"parent":0,"menu_order":0,"comment_status":"closed","ping_status":"closed","template":"","meta":{"footnotes":""},"class_list":["post-108","page","type-page","status-publish","hentry"],"_links":{"self":[{"href":"https:\/\/leamathis.com\/index.php\/wp-json\/wp\/v2\/pages\/108","targetHints":{"allow":["GET"]}}],"collection":[{"href":"https:\/\/leamathis.com\/index.php\/wp-json\/wp\/v2\/pages"}],"about":[{"href":"https:\/\/leamathis.com\/index.php\/wp-json\/wp\/v2\/types\/page"}],"author":[{"embeddable":true,"href":"https:\/\/leamathis.com\/index.php\/wp-json\/wp\/v2\/users\/1"}],"replies":[{"embeddable":true,"href":"https:\/\/leamathis.com\/index.php\/wp-json\/wp\/v2\/comments?post=108"}],"version-history":[{"count":20,"href":"https:\/\/leamathis.com\/index.php\/wp-json\/wp\/v2\/pages\/108\/revisions"}],"predecessor-version":[{"id":1480,"href":"https:\/\/leamathis.com\/index.php\/wp-json\/wp\/v2\/pages\/108\/revisions\/1480"}],"wp:attachment":[{"href":"https:\/\/leamathis.com\/index.php\/wp-json\/wp\/v2\/media?parent=108"}],"curies":[{"name":"wp","href":"https:\/\/api.w.org\/{rel}","templated":true}]}}